{"id":8363,"date":"2022-05-05T11:04:23","date_gmt":"2022-05-05T11:04:23","guid":{"rendered":"https:\/\/idrecrutement.wpenginepowered.com\/blogue\/"},"modified":"2024-01-25T18:41:40","modified_gmt":"2024-01-25T18:41:40","slug":"blog","status":"publish","type":"page","link":"https:\/\/idrecrutement.ca\/en\/blog\/","title":{"rendered":"Blog"},"content":{"rendered":"\t\t<div data-elementor-type=\"wp-page\" data-elementor-id=\"8363\" class=\"elementor elementor-8363 elementor-6699\" data-elementor-post-type=\"page\">\n\t\t\t\t\t\t<div data-particle_enable=\"false\" data-particle-mobile-disabled=\"false\" class=\" elementor-section elementor-top-section elementor-element elementor-element-34aa19c elementor-section-boxed elementor-section-height-default elementor-section-height-default\" data-id=\"34aa19c\" data-element_type=\"section\" data-e-type=\"section\">\n\t\t\t\t\t\t<div class=\"elementor-container elementor-column-gap-extended\">\n\t\t\t\t\t<div class=\"elementor-column elementor-col-100 elementor-top-column elementor-element elementor-element-bc5362b animated-slow elementor-invisible\" data-id=\"bc5362b\" data-element_type=\"column\" data-e-type=\"column\" data-settings=\"{&quot;animation&quot;:&quot;fadeInUp&quot;}\">\n\t\t\t<div class=\"elementor-widget-wrap elementor-element-populated\">\n\t\t\t\t\t\t<div class=\"elementor-element elementor-element-632425d elementor-widget elementor-widget-rodio_blog\" data-id=\"632425d\" data-element_type=\"widget\" data-e-type=\"widget\" data-widget_type=\"rodio_blog.default\">\n\t\t\t\t<div class=\"elementor-widget-container\">\n\t\t\t\t\t    <div class=\"blog-list\">\r\n        <div class=\"row gx-5 gy-5\">\r\n                                    <div class=\"col-lg-4\">\r\n                            <div class=\"single-blog-post hover  post-10080 post type-post status-publish format-standard has-post-thumbnail hentry category-blog\">\r\n    \t\t<div class=\"post-thumbnail\">\n\t\t\t\t<a href=\"https:\/\/idrecrutement.ca\/en\/blog\/recherche-de-cadres-en-ingenierie-et-dans-le-domaine-manufacturier\/\" aria-hidden=\"true\" tabindex=\"-1\">\n\t\t\t\t\n\t\t\t<img fetchpriority=\"high\" decoding=\"async\" width=\"370\" height=\"296\" src=\"https:\/\/idrecrutement.ca\/wp-content\/uploads\/2023\/12\/recrutement-dingenieure-370x296.jpg\" class=\"attachment-rodio-post-thumbnail-size size-rodio-post-thumbnail-size wp-post-image\" alt=\"How to overcome obstacles related to hiring executi ...\" srcset=\"https:\/\/idrecrutement.ca\/wp-content\/uploads\/2023\/12\/recrutement-dingenieure-370x296.jpg 370w, https:\/\/idrecrutement.ca\/wp-content\/uploads\/2023\/12\/recrutement-dingenieure-561x450.jpg 561w\" sizes=\"(max-width: 370px) 100vw, 370px\" \/>\n\t\t\t\t<\/a>\n\t\t\t\t<\/div>\n\t\t\r\n    <div class=\"content\">\r\n\r\n        <div class=\"details\">\r\n            <div class=\"date\">\r\n                <a href=\"https:\/\/idrecrutement.ca\/en\/2023\/12\/23\/\">\r\n                    <span class=\"wrapper\"><span class=\"day\">23<\/span>\n\t\t\t\t<span class=\"month\">Dec<\/span><\/span>                <\/a>\r\n                <a href=\"https:\/\/idrecrutement.ca\/en\/blog\/recherche-de-cadres-en-ingenierie-et-dans-le-domaine-manufacturier\/\" class=\"hover\">\r\n                    <svg xmlns=\"http:\/\/www.w3.org\/2000\/svg\" viewBox=\"0 0 256 512\"><path d=\"M89.45 87.5l143.1 152c4.375 4.625 6.562 10.56 6.562 16.5c0 5.937-2.188 11.87-6.562 16.5l-143.1 152C80.33 434.1 65.14 434.5 55.52 425.4c-9.688-9.125-10.03-24.38-.9375-33.94l128.4-135.5l-128.4-135.5C45.49 110.9 45.83 95.75 55.52 86.56C65.14 77.47 80.33 77.87 89.45 87.5z\"\/><\/svg>\r\n                <\/a>\r\n            <\/div>\r\n            <div>\r\n                \r\n                <h6> ID Recrutement                \r\n                <\/h6>\r\n                            <\/div>\r\n        <\/div>\r\n\r\n                    <a href=\"https:\/\/idrecrutement.ca\/en\/blog\/recherche-de-cadres-en-ingenierie-et-dans-le-domaine-manufacturier\/\">\r\n                <h4>How to overcome obstacles related to hiring executi ...<\/h4>\r\n            <\/a>\r\n            <\/div>\r\n<\/div>                        <\/div>\r\n                                                <div class=\"col-lg-4\">\r\n                            <div class=\"single-blog-post hover  post-10082 post type-post status-publish format-standard has-post-thumbnail hentry category-blog tag-chasseur-de-tete-en tag-chasseur-de-tete-montreal-en tag-chasseur-de-tete-quebec-cadre-en\">\r\n    \t\t<div class=\"post-thumbnail\">\n\t\t\t\t<a href=\"https:\/\/idrecrutement.ca\/en\/blog\/firme-de-chasse-de-tetes\/\" aria-hidden=\"true\" tabindex=\"-1\">\n\t\t\t\t\n\t\t\t<img decoding=\"async\" width=\"370\" height=\"296\" src=\"https:\/\/idrecrutement.ca\/wp-content\/uploads\/2023\/12\/chasseur-de-tetes-370x296.jpg\" class=\"attachment-rodio-post-thumbnail-size size-rodio-post-thumbnail-size wp-post-image\" alt=\"Retour sur investissement lors de la collaboration  ...\" srcset=\"https:\/\/idrecrutement.ca\/wp-content\/uploads\/2023\/12\/chasseur-de-tetes-370x296.jpg 370w, https:\/\/idrecrutement.ca\/wp-content\/uploads\/2023\/12\/chasseur-de-tetes-561x450.jpg 561w\" sizes=\"(max-width: 370px) 100vw, 370px\" \/>\n\t\t\t\t<\/a>\n\t\t\t\t<\/div>\n\t\t\r\n    <div class=\"content\">\r\n\r\n        <div class=\"details\">\r\n            <div class=\"date\">\r\n                <a href=\"https:\/\/idrecrutement.ca\/en\/2023\/12\/22\/\">\r\n                    <span class=\"wrapper\"><span class=\"day\">22<\/span>\n\t\t\t\t<span class=\"month\">Dec<\/span><\/span>                <\/a>\r\n                <a href=\"https:\/\/idrecrutement.ca\/en\/blog\/firme-de-chasse-de-tetes\/\" class=\"hover\">\r\n                    <svg xmlns=\"http:\/\/www.w3.org\/2000\/svg\" viewBox=\"0 0 256 512\"><path d=\"M89.45 87.5l143.1 152c4.375 4.625 6.562 10.56 6.562 16.5c0 5.937-2.188 11.87-6.562 16.5l-143.1 152C80.33 434.1 65.14 434.5 55.52 425.4c-9.688-9.125-10.03-24.38-.9375-33.94l128.4-135.5l-128.4-135.5C45.49 110.9 45.83 95.75 55.52 86.56C65.14 77.47 80.33 77.87 89.45 87.5z\"\/><\/svg>\r\n                <\/a>\r\n            <\/div>\r\n            <div>\r\n                \r\n                <h6> ID Recrutement                \r\n                <\/h6>\r\n                            <\/div>\r\n        <\/div>\r\n\r\n                    <a href=\"https:\/\/idrecrutement.ca\/en\/blog\/firme-de-chasse-de-tetes\/\">\r\n                <h4>Retour sur investissement lors de la collaboration  ...<\/h4>\r\n            <\/a>\r\n            <\/div>\r\n<\/div>                        <\/div>\r\n                                                <div class=\"col-lg-4\">\r\n                            <div class=\"single-blog-post hover  post-10083 post type-post status-publish format-standard has-post-thumbnail hentry category-blog tag-cabinet-de-recrutement-chasseur-de-tete-en tag-cabinet-recrutement-cadre-dirigeant-en tag-chasseur-de-tete-definition-en tag-chasseur-de-tete-montreal-en tag-chasseur-de-tete-quebec-en tag-chasseur-de-tete-quebec-cadre-en tag-executive-search-recrutement-en tag-ia-recrutement-en tag-societe-recrutement-en\">\r\n    \t\t<div class=\"post-thumbnail\">\n\t\t\t\t<a href=\"https:\/\/idrecrutement.ca\/en\/blog\/engager-un-chasseur-de-tetes\/\" aria-hidden=\"true\" tabindex=\"-1\">\n\t\t\t\t\n\t\t\t<img decoding=\"async\" width=\"370\" height=\"296\" src=\"https:\/\/idrecrutement.ca\/wp-content\/uploads\/2023\/12\/avantages-dengager-un-chasseur-370x296.jpg\" class=\"attachment-rodio-post-thumbnail-size size-rodio-post-thumbnail-size wp-post-image\" alt=\"Les avantages strat\u00e9giques d&#8217;engager un chas ...\" srcset=\"https:\/\/idrecrutement.ca\/wp-content\/uploads\/2023\/12\/avantages-dengager-un-chasseur-370x296.jpg 370w, https:\/\/idrecrutement.ca\/wp-content\/uploads\/2023\/12\/avantages-dengager-un-chasseur-561x450.jpg 561w\" sizes=\"(max-width: 370px) 100vw, 370px\" \/>\n\t\t\t\t<\/a>\n\t\t\t\t<\/div>\n\t\t\r\n    <div class=\"content\">\r\n\r\n        <div class=\"details\">\r\n            <div class=\"date\">\r\n                <a href=\"https:\/\/idrecrutement.ca\/en\/2023\/12\/21\/\">\r\n                    <span class=\"wrapper\"><span class=\"day\">21<\/span>\n\t\t\t\t<span class=\"month\">Dec<\/span><\/span>                <\/a>\r\n                <a href=\"https:\/\/idrecrutement.ca\/en\/blog\/engager-un-chasseur-de-tetes\/\" class=\"hover\">\r\n                    <svg xmlns=\"http:\/\/www.w3.org\/2000\/svg\" viewBox=\"0 0 256 512\"><path d=\"M89.45 87.5l143.1 152c4.375 4.625 6.562 10.56 6.562 16.5c0 5.937-2.188 11.87-6.562 16.5l-143.1 152C80.33 434.1 65.14 434.5 55.52 425.4c-9.688-9.125-10.03-24.38-.9375-33.94l128.4-135.5l-128.4-135.5C45.49 110.9 45.83 95.75 55.52 86.56C65.14 77.47 80.33 77.87 89.45 87.5z\"\/><\/svg>\r\n                <\/a>\r\n            <\/div>\r\n            <div>\r\n                \r\n                <h6> ID Recrutement                \r\n                <\/h6>\r\n                            <\/div>\r\n        <\/div>\r\n\r\n                    <a href=\"https:\/\/idrecrutement.ca\/en\/blog\/engager-un-chasseur-de-tetes\/\">\r\n                <h4>Les avantages strat\u00e9giques d&#8217;engager un chas ...<\/h4>\r\n            <\/a>\r\n            <\/div>\r\n<\/div>                        <\/div>\r\n                                                <div class=\"col-lg-4\">\r\n                            <div class=\"single-blog-post hover  post-10084 post type-post status-publish format-standard has-post-thumbnail hentry category-blog tag-cabinet-chasseur-de-tete-dirigeant-en tag-chasseur-de-tete-definition-en tag-chasseur-de-tete-montreal-en tag-chasseur-de-tete-quebec-cadre-en tag-classement-cabinet-chasseur-de-tete-en tag-contacter-chasseur-de-tete-en tag-ia-recrutement-en tag-societe-recrutement-en\">\r\n    \t\t<div class=\"post-thumbnail\">\n\t\t\t\t<a href=\"https:\/\/idrecrutement.ca\/en\/blog\/agence-de-placement-vs-cabinet-de-chasse-de-tetes\/\" aria-hidden=\"true\" tabindex=\"-1\">\n\t\t\t\t\n\t\t\t<img loading=\"lazy\" decoding=\"async\" width=\"370\" height=\"296\" src=\"https:\/\/idrecrutement.ca\/wp-content\/uploads\/2023\/12\/Agence-de-placement-vs-Cabinet-de-chasse-de-tetes-370x296.jpg\" class=\"attachment-rodio-post-thumbnail-size size-rodio-post-thumbnail-size wp-post-image\" alt=\"Comprendre les nuances : Agence de placement vs Cab ...\" srcset=\"https:\/\/idrecrutement.ca\/wp-content\/uploads\/2023\/12\/Agence-de-placement-vs-Cabinet-de-chasse-de-tetes-370x296.jpg 370w, https:\/\/idrecrutement.ca\/wp-content\/uploads\/2023\/12\/Agence-de-placement-vs-Cabinet-de-chasse-de-tetes-561x450.jpg 561w\" sizes=\"(max-width: 370px) 100vw, 370px\" \/>\n\t\t\t\t<\/a>\n\t\t\t\t<\/div>\n\t\t\r\n    <div class=\"content\">\r\n\r\n        <div class=\"details\">\r\n            <div class=\"date\">\r\n                <a href=\"https:\/\/idrecrutement.ca\/en\/2023\/12\/20\/\">\r\n                    <span class=\"wrapper\"><span class=\"day\">20<\/span>\n\t\t\t\t<span class=\"month\">Dec<\/span><\/span>                <\/a>\r\n                <a href=\"https:\/\/idrecrutement.ca\/en\/blog\/agence-de-placement-vs-cabinet-de-chasse-de-tetes\/\" class=\"hover\">\r\n                    <svg xmlns=\"http:\/\/www.w3.org\/2000\/svg\" viewBox=\"0 0 256 512\"><path d=\"M89.45 87.5l143.1 152c4.375 4.625 6.562 10.56 6.562 16.5c0 5.937-2.188 11.87-6.562 16.5l-143.1 152C80.33 434.1 65.14 434.5 55.52 425.4c-9.688-9.125-10.03-24.38-.9375-33.94l128.4-135.5l-128.4-135.5C45.49 110.9 45.83 95.75 55.52 86.56C65.14 77.47 80.33 77.87 89.45 87.5z\"\/><\/svg>\r\n                <\/a>\r\n            <\/div>\r\n            <div>\r\n                \r\n                <h6> ID Recrutement                \r\n                <\/h6>\r\n                            <\/div>\r\n        <\/div>\r\n\r\n                    <a href=\"https:\/\/idrecrutement.ca\/en\/blog\/agence-de-placement-vs-cabinet-de-chasse-de-tetes\/\">\r\n                <h4>Comprendre les nuances : Agence de placement vs Cab ...<\/h4>\r\n            <\/a>\r\n            <\/div>\r\n<\/div>                        <\/div>\r\n                                                <div class=\"col-lg-4\">\r\n                            <div class=\"single-blog-post hover  post-8583 post type-post status-publish format-standard has-post-thumbnail hentry category-blog tag-cabinet-de-recrutement-chasseur-de-tete-en tag-cabinet-recrutement-cadre-dirigeant-en tag-chasseur-de-tete-definition-en tag-chasseur-de-tete-montreal-en tag-chasseur-de-tete-quebec-cadre-en tag-classement-cabinet-chasseur-de-tete-en tag-societe-recrutement-en\">\r\n    \t\t<div class=\"post-thumbnail\">\n\t\t\t\t<a href=\"https:\/\/idrecrutement.ca\/en\/blog\/the-benefits-of-using-a-headhunting-firm\/\" aria-hidden=\"true\" tabindex=\"-1\">\n\t\t\t\t\n\t\t\t<img loading=\"lazy\" decoding=\"async\" width=\"370\" height=\"296\" src=\"https:\/\/idrecrutement.ca\/wp-content\/uploads\/2023\/07\/blog-1-id-recrutement-370x296.jpg\" class=\"attachment-rodio-post-thumbnail-size size-rodio-post-thumbnail-size wp-post-image\" alt=\"The benefits of using a headhunting firm\" \/>\n\t\t\t\t<\/a>\n\t\t\t\t<\/div>\n\t\t\r\n    <div class=\"content\">\r\n\r\n        <div class=\"details\">\r\n            <div class=\"date\">\r\n                <a href=\"https:\/\/idrecrutement.ca\/en\/2023\/07\/11\/\">\r\n                    <span class=\"wrapper\"><span class=\"day\">11<\/span>\n\t\t\t\t<span class=\"month\">Jul<\/span><\/span>                <\/a>\r\n                <a href=\"https:\/\/idrecrutement.ca\/en\/blog\/the-benefits-of-using-a-headhunting-firm\/\" class=\"hover\">\r\n                    <svg xmlns=\"http:\/\/www.w3.org\/2000\/svg\" viewBox=\"0 0 256 512\"><path d=\"M89.45 87.5l143.1 152c4.375 4.625 6.562 10.56 6.562 16.5c0 5.937-2.188 11.87-6.562 16.5l-143.1 152C80.33 434.1 65.14 434.5 55.52 425.4c-9.688-9.125-10.03-24.38-.9375-33.94l128.4-135.5l-128.4-135.5C45.49 110.9 45.83 95.75 55.52 86.56C65.14 77.47 80.33 77.87 89.45 87.5z\"\/><\/svg>\r\n                <\/a>\r\n            <\/div>\r\n            <div>\r\n                \r\n                <h6> ID Recrutement                \r\n                <\/h6>\r\n                            <\/div>\r\n        <\/div>\r\n\r\n                    <a href=\"https:\/\/idrecrutement.ca\/en\/blog\/the-benefits-of-using-a-headhunting-firm\/\">\r\n                <h4>The benefits of using a headhunting firm<\/h4>\r\n            <\/a>\r\n            <\/div>\r\n<\/div>                        <\/div>\r\n                                <\/div>\r\n        <div class=\"row\"><div class=\"col-12\">\t\t<div class=\"pagination\">\n\t\t\t\t\t<\/div>\n\t\t<\/div><\/div>    <\/div>\r\n  \t\t\t\t<\/div>\n\t\t\t\t<\/div>\n\t\t\t\t\t<\/div>\n\t\t<\/div>\n\t\t\t\t\t<\/div>\n\t\t<\/div>\n\t\t\t\t<\/div>\n\t\t","protected":false},"excerpt":{"rendered":"<p>25 Jan ID Recrutement Comme employeur, comment assurez-vous la diversit\u00e9 &#8230; 24 Jan ID Recrutement Quel est l&rsquo;impact du leadership dans la r\u00e9us &#8230; 23 D\u00e9c ID Recrutement Comment surmonter les obstacles li\u00e9s \u00e0 la recherc &#8230; 22 D\u00e9c ID Recrutement Retour sur investissement lors de la collaboration &#8230; 21 D\u00e9c ID Recrutement Les avantages [&hellip;]<\/p>\n","protected":false},"author":1,"featured_media":0,"parent":0,"menu_order":0,"comment_status":"closed","ping_status":"closed","template":"","meta":{"_acf_changed":false,"om_disable_all_campaigns":false,"_monsterinsights_skip_tracking":false,"_monsterinsights_sitenote_active":false,"_monsterinsights_sitenote_note":"","_monsterinsights_sitenote_category":0,"footnotes":""},"class_list":["post-8363","page","type-page","status-publish","hentry"],"acf":[],"aioseo_notices":[],"_links":{"self":[{"href":"https:\/\/idrecrutement.ca\/en\/wp-json\/wp\/v2\/pages\/8363","targetHints":{"allow":["GET"]}}],"collection":[{"href":"https:\/\/idrecrutement.ca\/en\/wp-json\/wp\/v2\/pages"}],"about":[{"href":"https:\/\/idrecrutement.ca\/en\/wp-json\/wp\/v2\/types\/page"}],"author":[{"embeddable":true,"href":"https:\/\/idrecrutement.ca\/en\/wp-json\/wp\/v2\/users\/1"}],"replies":[{"embeddable":true,"href":"https:\/\/idrecrutement.ca\/en\/wp-json\/wp\/v2\/comments?post=8363"}],"version-history":[{"count":0,"href":"https:\/\/idrecrutement.ca\/en\/wp-json\/wp\/v2\/pages\/8363\/revisions"}],"wp:attachment":[{"href":"https:\/\/idrecrutement.ca\/en\/wp-json\/wp\/v2\/media?parent=8363"}],"curies":[{"name":"wp","href":"https:\/\/api.w.org\/{rel}","templated":true}]}}